{"id":145,"date":"2023-06-26T17:37:36","date_gmt":"2023-06-26T17:37:36","guid":{"rendered":"https:\/\/mrservis.ist\/?page_id=145"},"modified":"2023-06-29T16:27:12","modified_gmt":"2023-06-29T16:27:12","slug":"home","status":"publish","type":"page","link":"https:\/\/mrservis.ist\/tr\/","title":{"rendered":"ANASAYFA"},"content":{"rendered":"<div data-elementor-type=\"wp-page\" data-elementor-id=\"145\" class=\"elementor elementor-145\">\n\t\t\t\t\t\t<section class=\"elementor-section elementor-top-section elementor-element elementor-element-81599aa elementor-section-boxed elementor-section-height-default elementor-section-height-default\" data-id=\"81599aa\" data-element_type=\"section\">\n\t\t\t\t\t\t<div class=\"elementor-container elementor-column-gap-default\">\n\t\t\t\t\t<div class=\"elementor-column elementor-col-100 elementor-top-column elementor-element elementor-element-f226037\" data-id=\"f226037\" data-element_type=\"column\">\n\t\t\t<div class=\"elementor-widget-wrap elementor-element-populated\">\n\t\t\t\t\t\t<div class=\"elementor-element elementor-element-a1f94ca elementor-widget elementor-widget-text-editor\" data-id=\"a1f94ca\" data-element_type=\"widget\" data-widget_type=\"text-editor.default\">\n\t\t\t\t<div class=\"elementor-widget-container\">\n\t\t\t\t\t\t\t\t\t<p>MR SERVIS LOJISTIK LTD. \u015eTI a\u015fa\u011f\u0131da belirtilen \u00fclkelerden t\u00fcketim mallar\u0131, end\u00fcstriyel ekipman, yedek par\u00e7a ve alet tedarikinde uzmanla\u015fm\u0131\u015f, deneyimli ve profesyonel bir firmad\u0131r: \u0130spanya, \u0130talya, Fransa, \u00c7ek Cumhuriyeti, Bel\u00e7ika, Almanya, Letonya, Estonya ve Polonya.<\/p>\t\t\t\t\t\t\t\t<\/div>\n\t\t\t\t<\/div>\n\t\t\t\t\t<\/div>\n\t\t<\/div>\n\t\t\t\t\t<\/div>\n\t\t<\/section>\n\t\t\t\t<section class=\"elementor-section elementor-top-section elementor-element elementor-element-97fef62 elementor-section-boxed elementor-section-height-default elementor-section-height-default\" data-id=\"97fef62\" data-element_type=\"section\">\n\t\t\t\t\t\t<div class=\"elementor-container elementor-column-gap-default\">\n\t\t\t\t\t<div class=\"elementor-column elementor-col-100 elementor-top-column elementor-element elementor-element-3228d71\" data-id=\"3228d71\" data-element_type=\"column\">\n\t\t\t<div class=\"elementor-widget-wrap elementor-element-populated\">\n\t\t\t\t\t\t<div class=\"elementor-element elementor-element-cfa2b28 elementor-widget-divider--view-line elementor-widget elementor-widget-divider\" data-id=\"cfa2b28\" data-element_type=\"widget\" data-widget_type=\"divider.default\">\n\t\t\t\t<div class=\"elementor-widget-container\">\n\t\t\t\t\t\t\t<div class=\"elementor-divider\">\n\t\t\t<span class=\"elementor-divider-separator\">\n\t\t\t\t\t\t<\/span>\n\t\t<\/div>\n\t\t\t\t\t\t<\/div>\n\t\t\t\t<\/div>\n\t\t\t\t\t<\/div>\n\t\t<\/div>\n\t\t\t\t\t<\/div>\n\t\t<\/section>\n\t\t\t\t<section class=\"elementor-section elementor-top-section elementor-element elementor-element-95ff82d elementor-section-boxed elementor-section-height-default elementor-section-height-default\" data-id=\"95ff82d\" data-element_type=\"section\">\n\t\t\t\t\t\t<div class=\"elementor-container elementor-column-gap-default\">\n\t\t\t\t\t<div class=\"elementor-column elementor-col-100 elementor-top-column elementor-element elementor-element-ce2f833\" data-id=\"ce2f833\" data-element_type=\"column\">\n\t\t\t<div class=\"elementor-widget-wrap\">\n\t\t\t\t\t\t\t<\/div>\n\t\t<\/div>\n\t\t\t\t\t<\/div>\n\t\t<\/section>\n\t\t\t\t<section class=\"elementor-section elementor-top-section elementor-element elementor-element-8c73596 elementor-section-boxed elementor-section-height-default elementor-section-height-default\" data-id=\"8c73596\" data-element_type=\"section\">\n\t\t\t\t\t\t<div class=\"elementor-container elementor-column-gap-default\">\n\t\t\t\t\t<div class=\"elementor-column elementor-col-100 elementor-top-column elementor-element elementor-element-22ea4c2\" data-id=\"22ea4c2\" data-element_type=\"column\">\n\t\t\t<div class=\"elementor-widget-wrap elementor-element-populated\">\n\t\t\t\t\t\t<div class=\"elementor-element elementor-element-559b28f elementor-widget elementor-widget-heading\" data-id=\"559b28f\" data-element_type=\"widget\" data-widget_type=\"heading.default\">\n\t\t\t\t<div class=\"elementor-widget-container\">\n\t\t\t\t\t<h2 class=\"elementor-heading-title elementor-size-large\">MR SERVIS LOJISTIK LTD. \u015eTI m\u00fc\u015fterilerine a\u015fa\u011f\u0131da belirtilen lojistik hizmetleri sunmaktad\u0131r<\/h2>\t\t\t\t<\/div>\n\t\t\t\t<\/div>\n\t\t\t\t\t<\/div>\n\t\t<\/div>\n\t\t\t\t\t<\/div>\n\t\t<\/section>\n\t\t\t\t<section class=\"elementor-section elementor-top-section elementor-element elementor-element-46dc4f1 elementor-section-boxed elementor-section-height-default elementor-section-height-default\" data-id=\"46dc4f1\" data-element_type=\"section\">\n\t\t\t\t\t\t<div class=\"elementor-container elementor-column-gap-default\">\n\t\t\t\t\t<div class=\"elementor-column elementor-col-50 elementor-top-column elementor-element elementor-element-6dded35\" data-id=\"6dded35\" data-element_type=\"column\">\n\t\t\t<div class=\"elementor-widget-wrap\">\n\t\t\t\t\t\t\t<\/div>\n\t\t<\/div>\n\t\t\t\t<div class=\"elementor-column elementor-col-50 elementor-top-column elementor-element elementor-element-1fcd785\" data-id=\"1fcd785\" data-element_type=\"column\">\n\t\t\t<div class=\"elementor-widget-wrap\">\n\t\t\t\t\t\t\t<\/div>\n\t\t<\/div>\n\t\t\t\t\t<\/div>\n\t\t<\/section>\n\t\t\t\t<section class=\"elementor-section elementor-top-section elementor-element elementor-element-7a21931 elementor-section-boxed elementor-section-height-default elementor-section-height-default\" data-id=\"7a21931\" data-element_type=\"section\">\n\t\t\t\t\t\t<div class=\"elementor-container elementor-column-gap-default\">\n\t\t\t\t\t<div class=\"elementor-column elementor-col-50 elementor-top-column elementor-element elementor-element-314e954\" data-id=\"314e954\" data-element_type=\"column\">\n\t\t\t<div class=\"elementor-widget-wrap elementor-element-populated\">\n\t\t\t\t\t\t<div class=\"elementor-element elementor-element-17d74dc elementor-widget elementor-widget-image\" data-id=\"17d74dc\" data-element_type=\"widget\" data-widget_type=\"image.default\">\n\t\t\t\t<div class=\"elementor-widget-container\">\n\t\t\t\t\t\t\t\t\t\t\t\t\t\t\t<img fetchpriority=\"high\" decoding=\"async\" width=\"300\" height=\"272\" src=\"https:\/\/mrservis.ist\/wp-content\/uploads\/2023\/06\/65-1.png\" class=\"attachment-medium size-medium wp-image-247\" alt=\"\" srcset=\"https:\/\/mrservis.ist\/wp-content\/uploads\/2023\/06\/65-1.png 1815w, https:\/\/mrservis.ist\/wp-content\/uploads\/2023\/06\/65-1-300x272.png 300w, https:\/\/mrservis.ist\/wp-content\/uploads\/2023\/06\/65-1-1024x929.png 1024w, https:\/\/mrservis.ist\/wp-content\/uploads\/2023\/06\/65-1-768x697.png 768w, https:\/\/mrservis.ist\/wp-content\/uploads\/2023\/06\/65-1-1536x1394.png 1536w, https:\/\/mrservis.ist\/wp-content\/uploads\/2023\/06\/65-1-13x12.png 13w\" sizes=\"(max-width: 300px) 100vw, 300px\" \/>\t\t\t\t\t\t\t\t\t\t\t\t\t\t\t<\/div>\n\t\t\t\t<\/div>\n\t\t\t\t\t<\/div>\n\t\t<\/div>\n\t\t\t\t<div class=\"elementor-column elementor-col-50 elementor-top-column elementor-element elementor-element-bae74cb\" data-id=\"bae74cb\" data-element_type=\"column\">\n\t\t\t<div class=\"elementor-widget-wrap elementor-element-populated\">\n\t\t\t\t\t\t<div class=\"elementor-element elementor-element-ecb554d elementor-widget elementor-widget-image\" data-id=\"ecb554d\" data-element_type=\"widget\" data-widget_type=\"image.default\">\n\t\t\t\t<div class=\"elementor-widget-container\">\n\t\t\t\t\t\t\t\t\t\t\t\t\t\t\t<img decoding=\"async\" width=\"300\" height=\"263\" src=\"https:\/\/mrservis.ist\/wp-content\/uploads\/2023\/06\/66.png\" class=\"attachment-medium size-medium wp-image-248\" alt=\"\" srcset=\"https:\/\/mrservis.ist\/wp-content\/uploads\/2023\/06\/66.png 1816w, https:\/\/mrservis.ist\/wp-content\/uploads\/2023\/06\/66-300x263.png 300w, https:\/\/mrservis.ist\/wp-content\/uploads\/2023\/06\/66-1024x899.png 1024w, https:\/\/mrservis.ist\/wp-content\/uploads\/2023\/06\/66-768x675.png 768w, https:\/\/mrservis.ist\/wp-content\/uploads\/2023\/06\/66-1536x1349.png 1536w, https:\/\/mrservis.ist\/wp-content\/uploads\/2023\/06\/66-14x12.png 14w\" sizes=\"(max-width: 300px) 100vw, 300px\" \/>\t\t\t\t\t\t\t\t\t\t\t\t\t\t\t<\/div>\n\t\t\t\t<\/div>\n\t\t\t\t\t<\/div>\n\t\t<\/div>\n\t\t\t\t\t<\/div>\n\t\t<\/section>\n\t\t\t\t<section class=\"elementor-section elementor-top-section elementor-element elementor-element-e5a5caf elementor-section-boxed elementor-section-height-default elementor-section-height-default\" data-id=\"e5a5caf\" data-element_type=\"section\">\n\t\t\t\t\t\t<div class=\"elementor-container elementor-column-gap-default\">\n\t\t\t\t\t<div class=\"elementor-column elementor-col-50 elementor-top-column elementor-element elementor-element-1c4b000\" data-id=\"1c4b000\" data-element_type=\"column\">\n\t\t\t<div class=\"elementor-widget-wrap elementor-element-populated\">\n\t\t\t\t\t\t<div class=\"elementor-element elementor-element-c03ae39 elementor-widget elementor-widget-image\" data-id=\"c03ae39\" data-element_type=\"widget\" data-widget_type=\"image.default\">\n\t\t\t\t<div class=\"elementor-widget-container\">\n\t\t\t\t\t\t\t\t\t\t\t\t\t\t\t<img decoding=\"async\" width=\"300\" height=\"272\" src=\"https:\/\/mrservis.ist\/wp-content\/uploads\/2023\/06\/68.png\" class=\"attachment-medium size-medium wp-image-250\" alt=\"\" srcset=\"https:\/\/mrservis.ist\/wp-content\/uploads\/2023\/06\/68.png 1808w, https:\/\/mrservis.ist\/wp-content\/uploads\/2023\/06\/68-300x272.png 300w, https:\/\/mrservis.ist\/wp-content\/uploads\/2023\/06\/68-1024x928.png 1024w, https:\/\/mrservis.ist\/wp-content\/uploads\/2023\/06\/68-768x696.png 768w, https:\/\/mrservis.ist\/wp-content\/uploads\/2023\/06\/68-1536x1392.png 1536w, https:\/\/mrservis.ist\/wp-content\/uploads\/2023\/06\/68-13x12.png 13w\" sizes=\"(max-width: 300px) 100vw, 300px\" \/>\t\t\t\t\t\t\t\t\t\t\t\t\t\t\t<\/div>\n\t\t\t\t<\/div>\n\t\t\t\t\t<\/div>\n\t\t<\/div>\n\t\t\t\t<div class=\"elementor-column elementor-col-50 elementor-top-column elementor-element elementor-element-b6b813d\" data-id=\"b6b813d\" data-element_type=\"column\">\n\t\t\t<div class=\"elementor-widget-wrap elementor-element-populated\">\n\t\t\t\t\t\t<div class=\"elementor-element elementor-element-4ae8d75 elementor-widget elementor-widget-image\" data-id=\"4ae8d75\" data-element_type=\"widget\" data-widget_type=\"image.default\">\n\t\t\t\t<div class=\"elementor-widget-container\">\n\t\t\t\t\t\t\t\t\t\t\t\t\t\t\t<img loading=\"lazy\" decoding=\"async\" width=\"300\" height=\"270\" src=\"https:\/\/mrservis.ist\/wp-content\/uploads\/2023\/06\/69.png\" class=\"attachment-medium size-medium wp-image-255\" alt=\"\" srcset=\"https:\/\/mrservis.ist\/wp-content\/uploads\/2023\/06\/69.png 1816w, https:\/\/mrservis.ist\/wp-content\/uploads\/2023\/06\/69-300x270.png 300w, https:\/\/mrservis.ist\/wp-content\/uploads\/2023\/06\/69-1024x920.png 1024w, https:\/\/mrservis.ist\/wp-content\/uploads\/2023\/06\/69-768x690.png 768w, https:\/\/mrservis.ist\/wp-content\/uploads\/2023\/06\/69-1536x1380.png 1536w, https:\/\/mrservis.ist\/wp-content\/uploads\/2023\/06\/69-13x12.png 13w\" sizes=\"(max-width: 300px) 100vw, 300px\" \/>\t\t\t\t\t\t\t\t\t\t\t\t\t\t\t<\/div>\n\t\t\t\t<\/div>\n\t\t\t\t\t<\/div>\n\t\t<\/div>\n\t\t\t\t\t<\/div>\n\t\t<\/section>\n\t\t\t\t<\/div>","protected":false},"excerpt":{"rendered":"<p>MR SERVIS LOGISTIK LTD. STI is an experienced and professional participant in the international foreign economic activity, specializing in the supply of consumer goods, industrial equipment, spare parts and tools from the following countries: Spain, Italy, France, Czech Republic, Belgium, Germany, Latvia, Estonia and Poland. We provide the following logistics services to its customers<\/p>","protected":false},"author":1,"featured_media":0,"parent":0,"menu_order":0,"comment_status":"closed","ping_status":"closed","template":"","meta":{"footnotes":""},"class_list":["post-145","page","type-page","status-publish","hentry"],"yoast_head":"<!-- This site is optimized with the Yoast SEO plugin v27.5 - https:\/\/yoast.com\/product\/yoast-seo-wordpress\/ -->\n<title>Home -<\/title>\n<meta name=\"robots\" content=\"index, follow, max-snippet:-1, max-image-preview:large, max-video-preview:-1\" \/>\n<link rel=\"canonical\" href=\"https:\/\/mrservis.ist\/tr\/\" \/>\n<meta property=\"og:locale\" content=\"tr_TR\" \/>\n<meta property=\"og:type\" content=\"article\" \/>\n<meta property=\"og:title\" content=\"Home -\" \/>\n<meta property=\"og:description\" content=\"MR SERVIS LOGISTIK LTD. STI is an experienced and professional participant in the international foreign economic activity, specializing in the supply of consumer goods, industrial equipment, spare parts and tools from the following countries: Spain, Italy, France, Czech Republic, Belgium, Germany, Latvia, Estonia and Poland. We provide the following logistics services to its customers\" \/>\n<meta property=\"og:url\" content=\"https:\/\/mrservis.ist\/tr\/\" \/>\n<meta property=\"article:modified_time\" content=\"2023-06-29T16:27:12+00:00\" \/>\n<meta property=\"og:image\" content=\"https:\/\/mrservis.ist\/wp-content\/uploads\/2023\/06\/61-300x272.png\" \/>\n<meta name=\"twitter:card\" content=\"summary_large_image\" \/>\n<meta name=\"twitter:label1\" content=\"Tahmini okuma s\u00fcresi\" \/>\n\t<meta name=\"twitter:data1\" content=\"2 dakika\" \/>\n<script type=\"application\/ld+json\" class=\"yoast-schema-graph\">{\"@context\":\"https:\\\/\\\/schema.org\",\"@graph\":[{\"@type\":\"WebPage\",\"@id\":\"https:\\\/\\\/mrservis.ist\\\/\",\"url\":\"https:\\\/\\\/mrservis.ist\\\/\",\"name\":\"Home -\",\"isPartOf\":{\"@id\":\"https:\\\/\\\/mrservis.ist\\\/#website\"},\"primaryImageOfPage\":{\"@id\":\"https:\\\/\\\/mrservis.ist\\\/#primaryimage\"},\"image\":{\"@id\":\"https:\\\/\\\/mrservis.ist\\\/#primaryimage\"},\"thumbnailUrl\":\"https:\\\/\\\/mrservis.ist\\\/wp-content\\\/uploads\\\/2023\\\/06\\\/61-300x272.png\",\"datePublished\":\"2023-06-26T17:37:36+00:00\",\"dateModified\":\"2023-06-29T16:27:12+00:00\",\"breadcrumb\":{\"@id\":\"https:\\\/\\\/mrservis.ist\\\/#breadcrumb\"},\"inLanguage\":\"tr\",\"potentialAction\":[{\"@type\":\"ReadAction\",\"target\":[\"https:\\\/\\\/mrservis.ist\\\/\"]}]},{\"@type\":\"ImageObject\",\"inLanguage\":\"tr\",\"@id\":\"https:\\\/\\\/mrservis.ist\\\/#primaryimage\",\"url\":\"https:\\\/\\\/mrservis.ist\\\/wp-content\\\/uploads\\\/2023\\\/06\\\/61-300x272.png\",\"contentUrl\":\"https:\\\/\\\/mrservis.ist\\\/wp-content\\\/uploads\\\/2023\\\/06\\\/61-300x272.png\"},{\"@type\":\"BreadcrumbList\",\"@id\":\"https:\\\/\\\/mrservis.ist\\\/#breadcrumb\",\"itemListElement\":[{\"@type\":\"ListItem\",\"position\":1,\"name\":\"Home\",\"item\":\"https:\\\/\\\/mrservis.ist\\\/\"},{\"@type\":\"ListItem\",\"position\":2,\"name\":\"Home\"}]},{\"@type\":\"WebSite\",\"@id\":\"https:\\\/\\\/mrservis.ist\\\/#website\",\"url\":\"https:\\\/\\\/mrservis.ist\\\/\",\"name\":\"\",\"description\":\"\",\"potentialAction\":[{\"@type\":\"SearchAction\",\"target\":{\"@type\":\"EntryPoint\",\"urlTemplate\":\"https:\\\/\\\/mrservis.ist\\\/?s={search_term_string}\"},\"query-input\":{\"@type\":\"PropertyValueSpecification\",\"valueRequired\":true,\"valueName\":\"search_term_string\"}}],\"inLanguage\":\"tr\"}]}<\/script>\n<!-- \/ Yoast SEO plugin. -->","yoast_head_json":{"title":"Home -","robots":{"index":"index","follow":"follow","max-snippet":"max-snippet:-1","max-image-preview":"max-image-preview:large","max-video-preview":"max-video-preview:-1"},"canonical":"https:\/\/mrservis.ist\/tr\/","og_locale":"tr_TR","og_type":"article","og_title":"Home -","og_description":"MR SERVIS LOGISTIK LTD. STI is an experienced and professional participant in the international foreign economic activity, specializing in the supply of consumer goods, industrial equipment, spare parts and tools from the following countries: Spain, Italy, France, Czech Republic, Belgium, Germany, Latvia, Estonia and Poland. We provide the following logistics services to its customers","og_url":"https:\/\/mrservis.ist\/tr\/","article_modified_time":"2023-06-29T16:27:12+00:00","og_image":[{"url":"https:\/\/mrservis.ist\/wp-content\/uploads\/2023\/06\/61-300x272.png","type":"","width":"","height":""}],"twitter_card":"summary_large_image","twitter_misc":{"Tahmini okuma s\u00fcresi":"2 dakika"},"schema":{"@context":"https:\/\/schema.org","@graph":[{"@type":"WebPage","@id":"https:\/\/mrservis.ist\/","url":"https:\/\/mrservis.ist\/","name":"Home -","isPartOf":{"@id":"https:\/\/mrservis.ist\/#website"},"primaryImageOfPage":{"@id":"https:\/\/mrservis.ist\/#primaryimage"},"image":{"@id":"https:\/\/mrservis.ist\/#primaryimage"},"thumbnailUrl":"https:\/\/mrservis.ist\/wp-content\/uploads\/2023\/06\/61-300x272.png","datePublished":"2023-06-26T17:37:36+00:00","dateModified":"2023-06-29T16:27:12+00:00","breadcrumb":{"@id":"https:\/\/mrservis.ist\/#breadcrumb"},"inLanguage":"tr","potentialAction":[{"@type":"ReadAction","target":["https:\/\/mrservis.ist\/"]}]},{"@type":"ImageObject","inLanguage":"tr","@id":"https:\/\/mrservis.ist\/#primaryimage","url":"https:\/\/mrservis.ist\/wp-content\/uploads\/2023\/06\/61-300x272.png","contentUrl":"https:\/\/mrservis.ist\/wp-content\/uploads\/2023\/06\/61-300x272.png"},{"@type":"BreadcrumbList","@id":"https:\/\/mrservis.ist\/#breadcrumb","itemListElement":[{"@type":"ListItem","position":1,"name":"Home","item":"https:\/\/mrservis.ist\/"},{"@type":"ListItem","position":2,"name":"Home"}]},{"@type":"WebSite","@id":"https:\/\/mrservis.ist\/#website","url":"https:\/\/mrservis.ist\/","name":"","description":"","potentialAction":[{"@type":"SearchAction","target":{"@type":"EntryPoint","urlTemplate":"https:\/\/mrservis.ist\/?s={search_term_string}"},"query-input":{"@type":"PropertyValueSpecification","valueRequired":true,"valueName":"search_term_string"}}],"inLanguage":"tr"}]}},"jetpack_sharing_enabled":true,"_links":{"self":[{"href":"https:\/\/mrservis.ist\/tr\/wp-json\/wp\/v2\/pages\/145","targetHints":{"allow":["GET"]}}],"collection":[{"href":"https:\/\/mrservis.ist\/tr\/wp-json\/wp\/v2\/pages"}],"about":[{"href":"https:\/\/mrservis.ist\/tr\/wp-json\/wp\/v2\/types\/page"}],"author":[{"embeddable":true,"href":"https:\/\/mrservis.ist\/tr\/wp-json\/wp\/v2\/users\/1"}],"replies":[{"embeddable":true,"href":"https:\/\/mrservis.ist\/tr\/wp-json\/wp\/v2\/comments?post=145"}],"version-history":[{"count":20,"href":"https:\/\/mrservis.ist\/tr\/wp-json\/wp\/v2\/pages\/145\/revisions"}],"predecessor-version":[{"id":258,"href":"https:\/\/mrservis.ist\/tr\/wp-json\/wp\/v2\/pages\/145\/revisions\/258"}],"wp:attachment":[{"href":"https:\/\/mrservis.ist\/tr\/wp-json\/wp\/v2\/media?parent=145"}],"curies":[{"name":"wp","href":"https:\/\/api.w.org\/{rel}","templated":true}]}}