{"id":187,"date":"2023-06-26T23:55:51","date_gmt":"2023-06-26T23:55:51","guid":{"rendered":"https:\/\/mrservis.ist\/?page_id=187"},"modified":"2023-06-29T16:33:16","modified_gmt":"2023-06-29T16:33:16","slug":"about-us","status":"publish","type":"page","link":"https:\/\/mrservis.ist\/tr\/about-us\/","title":{"rendered":"\u0130LET\u0130\u015e\u0130M"},"content":{"rendered":"<div data-elementor-type=\"wp-page\" data-elementor-id=\"187\" class=\"elementor elementor-187\">\n\t\t\t\t\t\t<section class=\"elementor-section elementor-top-section elementor-element elementor-element-6caff50 elementor-section-boxed elementor-section-height-default elementor-section-height-default\" data-id=\"6caff50\" data-element_type=\"section\">\n\t\t\t\t\t\t<div class=\"elementor-container elementor-column-gap-default\">\n\t\t\t\t\t<div class=\"elementor-column elementor-col-100 elementor-top-column elementor-element elementor-element-ec6c203\" data-id=\"ec6c203\" data-element_type=\"column\">\n\t\t\t<div class=\"elementor-widget-wrap elementor-element-populated\">\n\t\t\t\t\t\t<div class=\"elementor-element elementor-element-8b3fb1a elementor-widget elementor-widget-text-editor\" data-id=\"8b3fb1a\" data-element_type=\"widget\" data-widget_type=\"text-editor.default\">\n\t\t\t\t<div class=\"elementor-widget-container\">\n\t\t\t\t\t\t\t\t\t<p><strong>MR SERVIS LOJISTIK LTD. \u015eTI m\u00fc\u015fterilerine lojistik hizmetlere ili\u015fkin her konuda \u00e7\u00f6z\u00fcmler sunan bir profesyonel ekipten olu\u015fmaktad\u0131r. D\u0131\u015f pazarlardaki \u00e7al\u0131\u015fma \u015fekli ve y\u00f6ntemleri ile se\u00e7ilen ekonomik stratejiyi de hesaba katarak k\u00fcresel pazarlara y\u00f6nelik \u015firket faaliyetleri y\u00fcr\u00fctmektedir.\nDe\u011ferlerimiz d\u00fcr\u00fcstl\u00fck ve a\u00e7\u0131kl\u0131\u011f\u0131n yan\u0131 s\u0131ra m\u00fc\u015fteri ve ortaklar\u0131m\u0131za taahh\u00fct ve karma\u015f\u0131k g\u00f6revleri \u00fcstlenme iste\u011fi ve bunlar\u0131 ba\u015far\u0131l\u0131 bir \u015fekilde tamamlamakt\u0131r.<\/strong><\/p>\t\t\t\t\t\t\t\t<\/div>\n\t\t\t\t<\/div>\n\t\t\t\t\t<\/div>\n\t\t<\/div>\n\t\t\t\t\t<\/div>\n\t\t<\/section>\n\t\t\t\t<section class=\"elementor-section elementor-top-section elementor-element elementor-element-f3c1e5a elementor-section-boxed elementor-section-height-default elementor-section-height-default\" data-id=\"f3c1e5a\" data-element_type=\"section\">\n\t\t\t\t\t\t<div class=\"elementor-container elementor-column-gap-default\">\n\t\t\t\t\t<div class=\"elementor-column elementor-col-100 elementor-top-column elementor-element elementor-element-0e54578\" data-id=\"0e54578\" data-element_type=\"column\">\n\t\t\t<div class=\"elementor-widget-wrap elementor-element-populated\">\n\t\t\t\t\t\t<div class=\"elementor-element elementor-element-5890183 elementor-widget-divider--view-line elementor-widget elementor-widget-divider\" data-id=\"5890183\" data-element_type=\"widget\" data-widget_type=\"divider.default\">\n\t\t\t\t<div class=\"elementor-widget-container\">\n\t\t\t\t\t\t\t<div class=\"elementor-divider\">\n\t\t\t<span class=\"elementor-divider-separator\">\n\t\t\t\t\t\t<\/span>\n\t\t<\/div>\n\t\t\t\t\t\t<\/div>\n\t\t\t\t<\/div>\n\t\t\t\t\t<\/div>\n\t\t<\/div>\n\t\t\t\t\t<\/div>\n\t\t<\/section>\n\t\t\t\t<section class=\"elementor-section elementor-top-section elementor-element elementor-element-835bcc9 elementor-section-boxed elementor-section-height-default elementor-section-height-default\" data-id=\"835bcc9\" data-element_type=\"section\">\n\t\t\t\t\t\t<div class=\"elementor-container elementor-column-gap-default\">\n\t\t\t\t\t<div class=\"elementor-column elementor-col-100 elementor-top-column elementor-element elementor-element-c00cf32\" data-id=\"c00cf32\" data-element_type=\"column\">\n\t\t\t<div class=\"elementor-widget-wrap elementor-element-populated\">\n\t\t\t\t\t\t<div class=\"elementor-element elementor-element-eb637d9 elementor-widget elementor-widget-heading\" data-id=\"eb637d9\" data-element_type=\"widget\" data-widget_type=\"heading.default\">\n\t\t\t\t<div class=\"elementor-widget-container\">\n\t\t\t\t\t<h6 class=\"elementor-heading-title elementor-size-default\">MR SERVIS LOJISTIK LTD. \u015eTI<\/h6>\t\t\t\t<\/div>\n\t\t\t\t<\/div>\n\t\t\t\t\t<\/div>\n\t\t<\/div>\n\t\t\t\t\t<\/div>\n\t\t<\/section>\n\t\t\t\t<section class=\"elementor-section elementor-top-section elementor-element elementor-element-26bb7d1 elementor-section-boxed elementor-section-height-default elementor-section-height-default\" data-id=\"26bb7d1\" data-element_type=\"section\">\n\t\t\t\t\t\t<div class=\"elementor-container elementor-column-gap-default\">\n\t\t\t\t\t<div class=\"elementor-column elementor-col-100 elementor-top-column elementor-element elementor-element-8b88bf5\" data-id=\"8b88bf5\" data-element_type=\"column\">\n\t\t\t<div class=\"elementor-widget-wrap elementor-element-populated\">\n\t\t\t\t\t\t<div class=\"elementor-element elementor-element-66b2434 elementor-widget elementor-widget-heading\" data-id=\"66b2434\" data-element_type=\"widget\" data-widget_type=\"heading.default\">\n\t\t\t\t<div class=\"elementor-widget-container\">\n\t\t\t\t\t<h5 class=\"elementor-heading-title elementor-size-default\">Yasal adres\/ Legal address: Evlija \u00c7elebi Mah. Nazan Sk.No:2\/6 Tuzla\/\u0130STANBUL<\/h5>\t\t\t\t<\/div>\n\t\t\t\t<\/div>\n\t\t\t\t\t<\/div>\n\t\t<\/div>\n\t\t\t\t\t<\/div>\n\t\t<\/section>\n\t\t\t\t<section class=\"elementor-section elementor-top-section elementor-element elementor-element-cd9f454 elementor-section-boxed elementor-section-height-default elementor-section-height-default\" data-id=\"cd9f454\" data-element_type=\"section\">\n\t\t\t\t\t\t<div class=\"elementor-container elementor-column-gap-default\">\n\t\t\t\t\t<div class=\"elementor-column elementor-col-100 elementor-top-column elementor-element elementor-element-37143cb\" data-id=\"37143cb\" data-element_type=\"column\">\n\t\t\t<div class=\"elementor-widget-wrap elementor-element-populated\">\n\t\t\t\t\t\t<div class=\"elementor-element elementor-element-9fc34c2 elementor-widget elementor-widget-heading\" data-id=\"9fc34c2\" data-element_type=\"widget\" data-widget_type=\"heading.default\">\n\t\t\t\t<div class=\"elementor-widget-container\">\n\t\t\t\t\t<h5 class=\"elementor-heading-title elementor-size-default\">Kay\u0131t numaras\u0131\/ Registration number: Tic.Sic.No:396513-5<\/h5>\t\t\t\t<\/div>\n\t\t\t\t<\/div>\n\t\t\t\t\t<\/div>\n\t\t<\/div>\n\t\t\t\t\t<\/div>\n\t\t<\/section>\n\t\t\t\t<section class=\"elementor-section elementor-top-section elementor-element elementor-element-a0b0f69 elementor-section-boxed elementor-section-height-default elementor-section-height-default\" data-id=\"a0b0f69\" data-element_type=\"section\">\n\t\t\t\t\t\t<div class=\"elementor-container elementor-column-gap-default\">\n\t\t\t\t\t<div class=\"elementor-column elementor-col-100 elementor-top-column elementor-element elementor-element-12aa7ae\" data-id=\"12aa7ae\" data-element_type=\"column\">\n\t\t\t<div class=\"elementor-widget-wrap elementor-element-populated\">\n\t\t\t\t\t\t<div class=\"elementor-element elementor-element-640c089 elementor-widget elementor-widget-heading\" data-id=\"640c089\" data-element_type=\"widget\" data-widget_type=\"heading.default\">\n\t\t\t\t<div class=\"elementor-widget-container\">\n\t\t\t\t\t<h5 class=\"elementor-heading-title elementor-size-default\">Vergi m\u00fckellefi numaras\u0131\/ Taxpayer number: Tuzla V.D:6231881261<\/h5>\t\t\t\t<\/div>\n\t\t\t\t<\/div>\n\t\t\t\t\t<\/div>\n\t\t<\/div>\n\t\t\t\t\t<\/div>\n\t\t<\/section>\n\t\t\t\t<section class=\"elementor-section elementor-top-section elementor-element elementor-element-78bfc6b elementor-section-boxed elementor-section-height-default elementor-section-height-default\" data-id=\"78bfc6b\" data-element_type=\"section\">\n\t\t\t\t\t\t<div class=\"elementor-container elementor-column-gap-default\">\n\t\t\t\t\t<div class=\"elementor-column elementor-col-100 elementor-top-column elementor-element elementor-element-922e38c\" data-id=\"922e38c\" data-element_type=\"column\">\n\t\t\t<div class=\"elementor-widget-wrap elementor-element-populated\">\n\t\t\t\t\t\t<div class=\"elementor-element elementor-element-016f23b elementor-widget elementor-widget-heading\" data-id=\"016f23b\" data-element_type=\"widget\" data-widget_type=\"heading.default\">\n\t\t\t\t<div class=\"elementor-widget-container\">\n\t\t\t\t\t<h5 class=\"elementor-heading-title elementor-size-default\">E-posta: ks@mrservis.ist<\/h5>\t\t\t\t<\/div>\n\t\t\t\t<\/div>\n\t\t\t\t\t<\/div>\n\t\t<\/div>\n\t\t\t\t\t<\/div>\n\t\t<\/section>\n\t\t\t\t<section class=\"elementor-section elementor-top-section elementor-element elementor-element-029cd4f elementor-section-boxed elementor-section-height-default elementor-section-height-default\" data-id=\"029cd4f\" data-element_type=\"section\">\n\t\t\t\t\t\t<div class=\"elementor-container elementor-column-gap-default\">\n\t\t\t\t\t<div class=\"elementor-column elementor-col-100 elementor-top-column elementor-element elementor-element-f6d417f\" data-id=\"f6d417f\" data-element_type=\"column\">\n\t\t\t<div class=\"elementor-widget-wrap elementor-element-populated\">\n\t\t\t\t\t\t<div class=\"elementor-element elementor-element-37d5392 elementor-widget elementor-widget-heading\" data-id=\"37d5392\" data-element_type=\"widget\" data-widget_type=\"heading.default\">\n\t\t\t\t<div class=\"elementor-widget-container\">\n\t\t\t\t\t<h5 class=\"elementor-heading-title elementor-size-default\">\u0130leti\u015fim numaras\u0131: +90 (539) 953 02 90<\/h5>\t\t\t\t<\/div>\n\t\t\t\t<\/div>\n\t\t\t\t\t<\/div>\n\t\t<\/div>\n\t\t\t\t\t<\/div>\n\t\t<\/section>\n\t\t\t\t<section class=\"elementor-section elementor-top-section elementor-element elementor-element-b3587d0 elementor-section-boxed elementor-section-height-default elementor-section-height-default\" data-id=\"b3587d0\" data-element_type=\"section\">\n\t\t\t\t\t\t<div class=\"elementor-container elementor-column-gap-default\">\n\t\t\t\t\t<div class=\"elementor-column elementor-col-100 elementor-top-column elementor-element elementor-element-256e5c4\" data-id=\"256e5c4\" data-element_type=\"column\">\n\t\t\t<div class=\"elementor-widget-wrap elementor-element-populated\">\n\t\t\t\t\t\t<div class=\"elementor-element elementor-element-2dfd844 elementor-widget-divider--view-line elementor-widget elementor-widget-divider\" data-id=\"2dfd844\" data-element_type=\"widget\" data-widget_type=\"divider.default\">\n\t\t\t\t<div class=\"elementor-widget-container\">\n\t\t\t\t\t\t\t<div class=\"elementor-divider\">\n\t\t\t<span class=\"elementor-divider-separator\">\n\t\t\t\t\t\t<\/span>\n\t\t<\/div>\n\t\t\t\t\t\t<\/div>\n\t\t\t\t<\/div>\n\t\t\t\t\t<\/div>\n\t\t<\/div>\n\t\t\t\t\t<\/div>\n\t\t<\/section>\n\t\t\t\t<\/div>","protected":false},"excerpt":{"rendered":"<p>We are the team of professionals that provides a solution to any type of an issue that might arise, carries out a set of company functions focusing on the global market, taking into account the chosen foreign economic strategy, forms and methods of work in foreign markets. MR SERVIS LOJISTIK LTD. \u015eTI Yasal adres\/ Legal [&hellip;]<\/p>","protected":false},"author":1,"featured_media":0,"parent":0,"menu_order":0,"comment_status":"closed","ping_status":"closed","template":"","meta":{"footnotes":""},"class_list":["post-187","page","type-page","status-publish","hentry"],"yoast_head":"<!-- This site is optimized with the Yoast SEO plugin v27.5 - https:\/\/yoast.com\/product\/yoast-seo-wordpress\/ -->\n<title>About Us -<\/title>\n<meta name=\"robots\" content=\"index, follow, max-snippet:-1, max-image-preview:large, max-video-preview:-1\" \/>\n<link rel=\"canonical\" href=\"https:\/\/mrservis.ist\/tr\/about-us\/\" \/>\n<meta property=\"og:locale\" content=\"tr_TR\" \/>\n<meta property=\"og:type\" content=\"article\" \/>\n<meta property=\"og:title\" content=\"About Us -\" \/>\n<meta property=\"og:description\" content=\"We are the team of professionals that provides a solution to any type of an issue that might arise, carries out a set of company functions focusing on the global market, taking into account the chosen foreign economic strategy, forms and methods of work in foreign markets. MR SERVIS LOJISTIK LTD. \u015eTI Yasal adres\/ Legal [&hellip;]\" \/>\n<meta property=\"og:url\" content=\"https:\/\/mrservis.ist\/tr\/about-us\/\" \/>\n<meta property=\"article:modified_time\" content=\"2023-06-29T16:33:16+00:00\" \/>\n<meta name=\"twitter:card\" content=\"summary_large_image\" \/>\n<meta name=\"twitter:label1\" content=\"Tahmini okuma s\u00fcresi\" \/>\n\t<meta name=\"twitter:data1\" content=\"1 dakika\" \/>\n<script type=\"application\/ld+json\" class=\"yoast-schema-graph\">{\"@context\":\"https:\\\/\\\/schema.org\",\"@graph\":[{\"@type\":\"WebPage\",\"@id\":\"https:\\\/\\\/mrservis.ist\\\/about-us\\\/\",\"url\":\"https:\\\/\\\/mrservis.ist\\\/about-us\\\/\",\"name\":\"About Us -\",\"isPartOf\":{\"@id\":\"https:\\\/\\\/mrservis.ist\\\/#website\"},\"datePublished\":\"2023-06-26T23:55:51+00:00\",\"dateModified\":\"2023-06-29T16:33:16+00:00\",\"breadcrumb\":{\"@id\":\"https:\\\/\\\/mrservis.ist\\\/about-us\\\/#breadcrumb\"},\"inLanguage\":\"tr\",\"potentialAction\":[{\"@type\":\"ReadAction\",\"target\":[\"https:\\\/\\\/mrservis.ist\\\/about-us\\\/\"]}]},{\"@type\":\"BreadcrumbList\",\"@id\":\"https:\\\/\\\/mrservis.ist\\\/about-us\\\/#breadcrumb\",\"itemListElement\":[{\"@type\":\"ListItem\",\"position\":1,\"name\":\"Home\",\"item\":\"https:\\\/\\\/mrservis.ist\\\/\"},{\"@type\":\"ListItem\",\"position\":2,\"name\":\"About Us\"}]},{\"@type\":\"WebSite\",\"@id\":\"https:\\\/\\\/mrservis.ist\\\/#website\",\"url\":\"https:\\\/\\\/mrservis.ist\\\/\",\"name\":\"\",\"description\":\"\",\"potentialAction\":[{\"@type\":\"SearchAction\",\"target\":{\"@type\":\"EntryPoint\",\"urlTemplate\":\"https:\\\/\\\/mrservis.ist\\\/?s={search_term_string}\"},\"query-input\":{\"@type\":\"PropertyValueSpecification\",\"valueRequired\":true,\"valueName\":\"search_term_string\"}}],\"inLanguage\":\"tr\"}]}<\/script>\n<!-- \/ Yoast SEO plugin. -->","yoast_head_json":{"title":"About Us -","robots":{"index":"index","follow":"follow","max-snippet":"max-snippet:-1","max-image-preview":"max-image-preview:large","max-video-preview":"max-video-preview:-1"},"canonical":"https:\/\/mrservis.ist\/tr\/about-us\/","og_locale":"tr_TR","og_type":"article","og_title":"About Us -","og_description":"We are the team of professionals that provides a solution to any type of an issue that might arise, carries out a set of company functions focusing on the global market, taking into account the chosen foreign economic strategy, forms and methods of work in foreign markets. MR SERVIS LOJISTIK LTD. \u015eTI Yasal adres\/ Legal [&hellip;]","og_url":"https:\/\/mrservis.ist\/tr\/about-us\/","article_modified_time":"2023-06-29T16:33:16+00:00","twitter_card":"summary_large_image","twitter_misc":{"Tahmini okuma s\u00fcresi":"1 dakika"},"schema":{"@context":"https:\/\/schema.org","@graph":[{"@type":"WebPage","@id":"https:\/\/mrservis.ist\/about-us\/","url":"https:\/\/mrservis.ist\/about-us\/","name":"About Us -","isPartOf":{"@id":"https:\/\/mrservis.ist\/#website"},"datePublished":"2023-06-26T23:55:51+00:00","dateModified":"2023-06-29T16:33:16+00:00","breadcrumb":{"@id":"https:\/\/mrservis.ist\/about-us\/#breadcrumb"},"inLanguage":"tr","potentialAction":[{"@type":"ReadAction","target":["https:\/\/mrservis.ist\/about-us\/"]}]},{"@type":"BreadcrumbList","@id":"https:\/\/mrservis.ist\/about-us\/#breadcrumb","itemListElement":[{"@type":"ListItem","position":1,"name":"Home","item":"https:\/\/mrservis.ist\/"},{"@type":"ListItem","position":2,"name":"About Us"}]},{"@type":"WebSite","@id":"https:\/\/mrservis.ist\/#website","url":"https:\/\/mrservis.ist\/","name":"","description":"","potentialAction":[{"@type":"SearchAction","target":{"@type":"EntryPoint","urlTemplate":"https:\/\/mrservis.ist\/?s={search_term_string}"},"query-input":{"@type":"PropertyValueSpecification","valueRequired":true,"valueName":"search_term_string"}}],"inLanguage":"tr"}]}},"jetpack_sharing_enabled":true,"_links":{"self":[{"href":"https:\/\/mrservis.ist\/tr\/wp-json\/wp\/v2\/pages\/187","targetHints":{"allow":["GET"]}}],"collection":[{"href":"https:\/\/mrservis.ist\/tr\/wp-json\/wp\/v2\/pages"}],"about":[{"href":"https:\/\/mrservis.ist\/tr\/wp-json\/wp\/v2\/types\/page"}],"author":[{"embeddable":true,"href":"https:\/\/mrservis.ist\/tr\/wp-json\/wp\/v2\/users\/1"}],"replies":[{"embeddable":true,"href":"https:\/\/mrservis.ist\/tr\/wp-json\/wp\/v2\/comments?post=187"}],"version-history":[{"count":11,"href":"https:\/\/mrservis.ist\/tr\/wp-json\/wp\/v2\/pages\/187\/revisions"}],"predecessor-version":[{"id":224,"href":"https:\/\/mrservis.ist\/tr\/wp-json\/wp\/v2\/pages\/187\/revisions\/224"}],"wp:attachment":[{"href":"https:\/\/mrservis.ist\/tr\/wp-json\/wp\/v2\/media?parent=187"}],"curies":[{"name":"wp","href":"https:\/\/api.w.org\/{rel}","templated":true}]}}